{"id":5776,"date":"2010-07-05T21:48:13","date_gmt":"2010-07-05T19:48:13","guid":{"rendered":"http:\/\/informacyde.com\/blog\/"},"modified":"2023-01-29T18:58:33","modified_gmt":"2023-01-29T17:58:33","slug":"comment-sabonner-au-blog","status":"publish","type":"page","link":"https:\/\/www.informacyde.com\/blog\/comment-sabonner-au-blog\/","title":{"rendered":"Comment s\u2019abonner ?"},"content":{"rendered":"<div class=\"jetpack_subscription_widget\"><h2 class=\"widgettitle\">Abonnez-vous<\/h2>\n\t\t\t<div class=\"wp-block-jetpack-subscriptions__container\">\n\t\t\t<form action=\"#\" method=\"post\" accept-charset=\"utf-8\" id=\"subscribe-blog-1\"\n\t\t\t\tdata-blog=\"4460088\"\n\t\t\t\tdata-post_access_level=\"everybody\" >\n\t\t\t\t\t\t\t\t\t<div id=\"subscribe-text\"><p>Saisissez votre adresse e-mail pour vous abonner \u00e0 ce blog et recevoir une notification de chaque nouvel article par e-mail.<\/p>\n<\/div>\n\t\t\t\t\t\t\t\t\t\t<p id=\"subscribe-email\">\n\t\t\t\t\t\t<label id=\"jetpack-subscribe-label\"\n\t\t\t\t\t\t\tclass=\"screen-reader-text\"\n\t\t\t\t\t\t\tfor=\"subscribe-field-1\">\n\t\t\t\t\t\t\tAdresse e-mail\t\t\t\t\t\t<\/label>\n\t\t\t\t\t\t<input type=\"email\" name=\"email\" autocomplete=\"email\" required=\"required\"\n\t\t\t\t\t\t\t\t\t\t\t\t\t\t\t\t\t\t\t\t\tvalue=\"\"\n\t\t\t\t\t\t\tid=\"subscribe-field-1\"\n\t\t\t\t\t\t\tplaceholder=\"Adresse e-mail\"\n\t\t\t\t\t\t\/>\n\t\t\t\t\t<\/p>\n\n\t\t\t\t\t<p id=\"subscribe-submit\"\n\t\t\t\t\t\t\t\t\t\t\t>\n\t\t\t\t\t\t<input type=\"hidden\" name=\"action\" value=\"subscribe\"\/>\n\t\t\t\t\t\t<input type=\"hidden\" name=\"source\" value=\"https:\/\/www.informacyde.com\/blog\/wp-json\/wp\/v2\/pages\/5776\"\/>\n\t\t\t\t\t\t<input type=\"hidden\" name=\"sub-type\" value=\"widget\"\/>\n\t\t\t\t\t\t<input type=\"hidden\" name=\"redirect_fragment\" value=\"subscribe-blog-1\"\/>\n\t\t\t\t\t\t<input type=\"hidden\" id=\"_wpnonce\" name=\"_wpnonce\" value=\"dd0d9cac8d\" \/><input type=\"hidden\" name=\"_wp_http_referer\" value=\"\/blog\/wp-json\/wp\/v2\/pages\/5776\" \/>\t\t\t\t\t\t<button type=\"submit\"\n\t\t\t\t\t\t\t\t\t\t\t\t\t\t\tclass=\"wp-block-button__link\"\n\t\t\t\t\t\t\t\t\t\t\t\t\t\t\t\t\t\t\t\t\t\tstyle=\"margin: 0; margin-left: 0px;\"\n\t\t\t\t\t\t\t\t\t\t\t\t\t\tname=\"jetpack_subscriptions_widget\"\n\t\t\t\t\t\t>\n\t\t\t\t\t\t\tS'abonner\t\t\t\t\t\t<\/button>\n\t\t\t\t\t<\/p>\n\t\t\t\t\t\t\t<\/form>\n\t\t\t\t\t\t\t<div class=\"wp-block-jetpack-subscriptions__subscount\">\n\t\t\t\t\tRejoignez 1 autre abonn\u00e9\t\t\t\t<\/div>\n\t\t\t\t\t\t<\/div>\n\t\t\t\n<\/div>\n<p><strong>La r\u00e8gle d&rsquo;or<\/strong> pour s&rsquo;abonner \u00e0 ce blog est de rentrer une adresse e-mail valide (pensez \u00e0 la relire avant de valider).<\/p>\n<p><strong>Deuxi\u00e8me r\u00e8gle essentielle<\/strong> : une fois l&rsquo;adresse mail valid\u00e9e, vous allez recevoir un e-mail avec un lien. <strong><span style=\"text-decoration: underline;\"><span style=\"color: #ff0000;\">Vous devez cliquez dessus pour VALIDER votre compte et recevoir les nouvelles notes du blog. Sans cela, votre compte n&rsquo;est pas valid\u00e9 et vous ne recevrez rien.<\/span><\/span><\/strong><\/p>\n<p>De nombreuses inscriptions <strong>sont inactives<\/strong> car le compte n&rsquo;est pas valid\u00e9. Pour vous r\u00e9inscrire, ressayez, sinon <a href=\"http:\/\/informacyde.com\/blog\/me-contacter\/\">contactez-moi<\/a>.<\/p>\n","protected":false},"excerpt":{"rendered":"<p>La r\u00e8gle d&rsquo;or pour s&rsquo;abonner \u00e0 ce blog est de rentrer une adresse e-mail valide (pensez \u00e0 la relire avant de valider). Deuxi\u00e8me r\u00e8gle essentielle : une fois l&rsquo;adresse mail&hellip;<\/p>\n","protected":false},"author":10,"featured_media":0,"parent":0,"menu_order":0,"comment_status":"closed","ping_status":"closed","template":"","meta":{"jetpack_post_was_ever_published":false,"footnotes":""},"class_list":["post-5776","page","type-page","status-publish","hentry"],"yoast_head":"<!-- This site is optimized with the Yoast SEO plugin v27.3 - https:\/\/yoast.com\/product\/yoast-seo-wordpress\/ -->\n<title>Comment s\u2019abonner ? - Informacyde<\/title>\n<meta name=\"robots\" content=\"index, follow, max-snippet:-1, max-image-preview:large, max-video-preview:-1\" \/>\n<link rel=\"canonical\" href=\"https:\/\/www.informacyde.com\/blog\/comment-sabonner-au-blog\/\" \/>\n<meta property=\"og:locale\" content=\"fr_FR\" \/>\n<meta property=\"og:type\" content=\"article\" \/>\n<meta property=\"og:title\" content=\"Comment s\u2019abonner ? - Informacyde\" \/>\n<meta property=\"og:description\" content=\"La r\u00e8gle d&rsquo;or pour s&rsquo;abonner \u00e0 ce blog est de rentrer une adresse e-mail valide (pensez \u00e0 la relire avant de valider). Deuxi\u00e8me r\u00e8gle essentielle : une fois l&rsquo;adresse mail&hellip;\" \/>\n<meta property=\"og:url\" content=\"https:\/\/www.informacyde.com\/blog\/comment-sabonner-au-blog\/\" \/>\n<meta property=\"og:site_name\" content=\"Informacyde\" \/>\n<meta property=\"article:modified_time\" content=\"2023-01-29T17:58:33+00:00\" \/>\n<meta name=\"twitter:card\" content=\"summary_large_image\" \/>\n<meta name=\"twitter:site\" content=\"@informacyde\" \/>\n<meta name=\"twitter:label1\" content=\"Dur\u00e9e de lecture estim\u00e9e\" \/>\n\t<meta name=\"twitter:data1\" content=\"1 minute\" \/>\n<script type=\"application\/ld+json\" class=\"yoast-schema-graph\">{\"@context\":\"https:\\\/\\\/schema.org\",\"@graph\":[{\"@type\":\"WebPage\",\"@id\":\"https:\\\/\\\/www.informacyde.com\\\/blog\\\/comment-sabonner-au-blog\\\/\",\"url\":\"https:\\\/\\\/www.informacyde.com\\\/blog\\\/comment-sabonner-au-blog\\\/\",\"name\":\"Comment s\u2019abonner ? - Informacyde\",\"isPartOf\":{\"@id\":\"https:\\\/\\\/www.informacyde.com\\\/blog\\\/#website\"},\"datePublished\":\"2010-07-05T19:48:13+00:00\",\"dateModified\":\"2023-01-29T17:58:33+00:00\",\"breadcrumb\":{\"@id\":\"https:\\\/\\\/www.informacyde.com\\\/blog\\\/comment-sabonner-au-blog\\\/#breadcrumb\"},\"inLanguage\":\"fr-FR\",\"potentialAction\":[{\"@type\":\"ReadAction\",\"target\":[\"https:\\\/\\\/www.informacyde.com\\\/blog\\\/comment-sabonner-au-blog\\\/\"]}]},{\"@type\":\"BreadcrumbList\",\"@id\":\"https:\\\/\\\/www.informacyde.com\\\/blog\\\/comment-sabonner-au-blog\\\/#breadcrumb\",\"itemListElement\":[{\"@type\":\"ListItem\",\"position\":1,\"name\":\"Accueil\",\"item\":\"https:\\\/\\\/www.informacyde.com\\\/blog\\\/\"},{\"@type\":\"ListItem\",\"position\":2,\"name\":\"Comment s\u2019abonner ?\"}]},{\"@type\":\"WebSite\",\"@id\":\"https:\\\/\\\/www.informacyde.com\\\/blog\\\/#website\",\"url\":\"https:\\\/\\\/www.informacyde.com\\\/blog\\\/\",\"name\":\"Informacyde\",\"description\":\"High-Tech &amp; Co - Depuis 2004\",\"publisher\":{\"@id\":\"https:\\\/\\\/www.informacyde.com\\\/blog\\\/#\\\/schema\\\/person\\\/e7e6dfe56d697fdbf8cdc6ab587bd4a3\"},\"potentialAction\":[{\"@type\":\"SearchAction\",\"target\":{\"@type\":\"EntryPoint\",\"urlTemplate\":\"https:\\\/\\\/www.informacyde.com\\\/blog\\\/?s={search_term_string}\"},\"query-input\":{\"@type\":\"PropertyValueSpecification\",\"valueRequired\":true,\"valueName\":\"search_term_string\"}}],\"inLanguage\":\"fr-FR\"},{\"@type\":[\"Person\",\"Organization\"],\"@id\":\"https:\\\/\\\/www.informacyde.com\\\/blog\\\/#\\\/schema\\\/person\\\/e7e6dfe56d697fdbf8cdc6ab587bd4a3\",\"name\":\"Harold\",\"logo\":{\"@id\":\"https:\\\/\\\/www.informacyde.com\\\/blog\\\/#\\\/schema\\\/person\\\/image\\\/\"},\"sameAs\":[\"https:\\\/\\\/www.linkedin.com\\\/in\\\/harold-birene-6b35a2114\\\/\",\"https:\\\/\\\/x.com\\\/https:\\\/\\\/twitter.com\\\/informacyde\"]}]}<\/script>\n<!-- \/ Yoast SEO plugin. -->","yoast_head_json":{"title":"Comment s\u2019abonner ? - Informacyde","robots":{"index":"index","follow":"follow","max-snippet":"max-snippet:-1","max-image-preview":"max-image-preview:large","max-video-preview":"max-video-preview:-1"},"canonical":"https:\/\/www.informacyde.com\/blog\/comment-sabonner-au-blog\/","og_locale":"fr_FR","og_type":"article","og_title":"Comment s\u2019abonner ? - Informacyde","og_description":"La r\u00e8gle d&rsquo;or pour s&rsquo;abonner \u00e0 ce blog est de rentrer une adresse e-mail valide (pensez \u00e0 la relire avant de valider). Deuxi\u00e8me r\u00e8gle essentielle : une fois l&rsquo;adresse mail&hellip;","og_url":"https:\/\/www.informacyde.com\/blog\/comment-sabonner-au-blog\/","og_site_name":"Informacyde","article_modified_time":"2023-01-29T17:58:33+00:00","twitter_card":"summary_large_image","twitter_site":"@informacyde","twitter_misc":{"Dur\u00e9e de lecture estim\u00e9e":"1 minute"},"schema":{"@context":"https:\/\/schema.org","@graph":[{"@type":"WebPage","@id":"https:\/\/www.informacyde.com\/blog\/comment-sabonner-au-blog\/","url":"https:\/\/www.informacyde.com\/blog\/comment-sabonner-au-blog\/","name":"Comment s\u2019abonner ? - Informacyde","isPartOf":{"@id":"https:\/\/www.informacyde.com\/blog\/#website"},"datePublished":"2010-07-05T19:48:13+00:00","dateModified":"2023-01-29T17:58:33+00:00","breadcrumb":{"@id":"https:\/\/www.informacyde.com\/blog\/comment-sabonner-au-blog\/#breadcrumb"},"inLanguage":"fr-FR","potentialAction":[{"@type":"ReadAction","target":["https:\/\/www.informacyde.com\/blog\/comment-sabonner-au-blog\/"]}]},{"@type":"BreadcrumbList","@id":"https:\/\/www.informacyde.com\/blog\/comment-sabonner-au-blog\/#breadcrumb","itemListElement":[{"@type":"ListItem","position":1,"name":"Accueil","item":"https:\/\/www.informacyde.com\/blog\/"},{"@type":"ListItem","position":2,"name":"Comment s\u2019abonner ?"}]},{"@type":"WebSite","@id":"https:\/\/www.informacyde.com\/blog\/#website","url":"https:\/\/www.informacyde.com\/blog\/","name":"Informacyde","description":"High-Tech &amp; Co - Depuis 2004","publisher":{"@id":"https:\/\/www.informacyde.com\/blog\/#\/schema\/person\/e7e6dfe56d697fdbf8cdc6ab587bd4a3"},"potentialAction":[{"@type":"SearchAction","target":{"@type":"EntryPoint","urlTemplate":"https:\/\/www.informacyde.com\/blog\/?s={search_term_string}"},"query-input":{"@type":"PropertyValueSpecification","valueRequired":true,"valueName":"search_term_string"}}],"inLanguage":"fr-FR"},{"@type":["Person","Organization"],"@id":"https:\/\/www.informacyde.com\/blog\/#\/schema\/person\/e7e6dfe56d697fdbf8cdc6ab587bd4a3","name":"Harold","logo":{"@id":"https:\/\/www.informacyde.com\/blog\/#\/schema\/person\/image\/"},"sameAs":["https:\/\/www.linkedin.com\/in\/harold-birene-6b35a2114\/","https:\/\/x.com\/https:\/\/twitter.com\/informacyde"]}]}},"jetpack_shortlink":"https:\/\/wp.me\/PiIgU-1va","jetpack_sharing_enabled":true,"_links":{"self":[{"href":"https:\/\/www.informacyde.com\/blog\/wp-json\/wp\/v2\/pages\/5776","targetHints":{"allow":["GET"]}}],"collection":[{"href":"https:\/\/www.informacyde.com\/blog\/wp-json\/wp\/v2\/pages"}],"about":[{"href":"https:\/\/www.informacyde.com\/blog\/wp-json\/wp\/v2\/types\/page"}],"author":[{"embeddable":true,"href":"https:\/\/www.informacyde.com\/blog\/wp-json\/wp\/v2\/users\/10"}],"replies":[{"embeddable":true,"href":"https:\/\/www.informacyde.com\/blog\/wp-json\/wp\/v2\/comments?post=5776"}],"version-history":[{"count":3,"href":"https:\/\/www.informacyde.com\/blog\/wp-json\/wp\/v2\/pages\/5776\/revisions"}],"predecessor-version":[{"id":10231,"href":"https:\/\/www.informacyde.com\/blog\/wp-json\/wp\/v2\/pages\/5776\/revisions\/10231"}],"wp:attachment":[{"href":"https:\/\/www.informacyde.com\/blog\/wp-json\/wp\/v2\/media?parent=5776"}],"curies":[{"name":"wp","href":"https:\/\/api.w.org\/{rel}","templated":true}]}}